{"id":2569,"date":"2020-03-05T09:34:23","date_gmt":"2020-03-05T02:34:23","guid":{"rendered":"https:\/\/thietbidienkimsang.tk\/?page_id=2569&#038;lang=en"},"modified":"2020-04-01T14:07:07","modified_gmt":"2020-04-01T07:07:07","slug":"smt-workshop","status":"publish","type":"page","link":"https:\/\/thibidiks.com\/en\/about-us\/smt-workshop\/","title":{"rendered":"SMT workshop"},"content":{"rendered":"<h1>\u00a0SMT workshop is a division which is specialized in assembling electronic mainboards and sticking LED chips to provide the parts for the assembly workshop.<\/h1>\n\t<div class=\"box has-hover   has-hover box-text-bottom\" >\n\n\t\t<div class=\"box-image\" >\n\t\t\t\t\t\t<div class=\"\" >\n\t\t\t\t<img loading=\"lazy\" decoding=\"async\" width=\"1000\" height=\"498\" src=\"https:\/\/thibidiks.com\/wp-content\/uploads\/2020\/04\/overview-SMT-workshop.png\" class=\"attachment-original size-original\" alt=\"OEM-LED-SMT\" srcset=\"https:\/\/thibidiks.com\/wp-content\/uploads\/2020\/04\/overview-SMT-workshop.png 1000w, https:\/\/thibidiks.com\/wp-content\/uploads\/2020\/04\/overview-SMT-workshop-510x254.png 510w, https:\/\/thibidiks.com\/wp-content\/uploads\/2020\/04\/overview-SMT-workshop-300x149.png 300w, https:\/\/thibidiks.com\/wp-content\/uploads\/2020\/04\/overview-SMT-workshop-768x382.png 768w, https:\/\/thibidiks.com\/wp-content\/uploads\/2020\/04\/overview-SMT-workshop-24x12.png 24w, https:\/\/thibidiks.com\/wp-content\/uploads\/2020\/04\/overview-SMT-workshop-36x18.png 36w, https:\/\/thibidiks.com\/wp-content\/uploads\/2020\/04\/overview-SMT-workshop-48x24.png 48w\" sizes=\"(max-width: 1000px) 100vw, 1000px\" \/>\t\t\t\t\t\t\t\t\t\t\t<\/div>\n\t\t\t\t\t<\/div>\n\n\t\t<div class=\"box-text text-center\" >\n\t\t\t<div class=\"box-text-inner\">\n\t\t\t\t\n<h3><em>Overview of Electronic board assembly<\/em><\/h3>\n\t\t\t<\/div>\n\t\t<\/div>\n\t<\/div>\n\t\n\t<div class=\"box has-hover   has-hover box-text-bottom\" >\n\n\t\t<div class=\"box-image\" >\n\t\t\t\t\t\t<div class=\"\" >\n\t\t\t\t<img loading=\"lazy\" decoding=\"async\" width=\"1000\" height=\"461\" src=\"https:\/\/thibidiks.com\/wp-content\/uploads\/2020\/04\/smt-xjs-109.png\" class=\"attachment-original size-original\" alt=\"smt-xjs-109\" srcset=\"https:\/\/thibidiks.com\/wp-content\/uploads\/2020\/04\/smt-xjs-109.png 1000w, https:\/\/thibidiks.com\/wp-content\/uploads\/2020\/04\/smt-xjs-109-510x235.png 510w, https:\/\/thibidiks.com\/wp-content\/uploads\/2020\/04\/smt-xjs-109-300x138.png 300w, https:\/\/thibidiks.com\/wp-content\/uploads\/2020\/04\/smt-xjs-109-768x354.png 768w, https:\/\/thibidiks.com\/wp-content\/uploads\/2020\/04\/smt-xjs-109-24x11.png 24w, https:\/\/thibidiks.com\/wp-content\/uploads\/2020\/04\/smt-xjs-109-36x17.png 36w, https:\/\/thibidiks.com\/wp-content\/uploads\/2020\/04\/smt-xjs-109-48x22.png 48w\" sizes=\"(max-width: 1000px) 100vw, 1000px\" \/>\t\t\t\t\t\t\t\t\t\t\t<\/div>\n\t\t\t\t\t<\/div>\n\n\t\t<div class=\"box-text text-center\" >\n\t\t\t<div class=\"box-text-inner\">\n\t\t\t\t\n<h3><em>A Japanese SMT machine in the factory<br \/>\n<\/em><\/h3>\n\t\t\t<\/div>\n\t\t<\/div>\n\t<\/div>\n\t\n<h3>\u00a0With modern machines and equipment, our team of experienced and professional technicians is always creative, proactive in designing mainboards, mounting electronic components and LED chips to meet different technical requirements of each customer. We can undertake the orders with specific specifications according to each customers\u2019 standards.<\/h3>\n<h3>\u00a0SMT workshop has many modern machines, such as SMT XJS-109, Panasonic MPA-G3, Juki JX300-LED&#8230;\u00a0\u00a0\u00a0\u00a0<\/h3>\n\t<div class=\"box has-hover   has-hover box-text-bottom\" >\n\n\t\t<div class=\"box-image\" >\n\t\t\t\t\t\t<div class=\"\" >\n\t\t\t\t<img loading=\"lazy\" decoding=\"async\" width=\"1000\" height=\"747\" src=\"https:\/\/thibidiks.com\/wp-content\/uploads\/2020\/04\/lead-cream-sweeping-machine.png\" class=\"attachment-original size-original\" alt=\"m\u00e1y qu\u00e9t kem ch\u00ec\" srcset=\"https:\/\/thibidiks.com\/wp-content\/uploads\/2020\/04\/lead-cream-sweeping-machine.png 1000w, https:\/\/thibidiks.com\/wp-content\/uploads\/2020\/04\/lead-cream-sweeping-machine-510x381.png 510w, https:\/\/thibidiks.com\/wp-content\/uploads\/2020\/04\/lead-cream-sweeping-machine-300x224.png 300w, https:\/\/thibidiks.com\/wp-content\/uploads\/2020\/04\/lead-cream-sweeping-machine-768x574.png 768w, https:\/\/thibidiks.com\/wp-content\/uploads\/2020\/04\/lead-cream-sweeping-machine-24x18.png 24w, https:\/\/thibidiks.com\/wp-content\/uploads\/2020\/04\/lead-cream-sweeping-machine-36x27.png 36w, https:\/\/thibidiks.com\/wp-content\/uploads\/2020\/04\/lead-cream-sweeping-machine-48x36.png 48w\" sizes=\"(max-width: 1000px) 100vw, 1000px\" \/>\t\t\t\t\t\t\t\t\t\t\t<\/div>\n\t\t\t\t\t<\/div>\n\n\t\t<div class=\"box-text text-center\" >\n\t\t\t<div class=\"box-text-inner\">\n\t\t\t\t\n<h3><em>Lead cream scanner<br \/>\n<\/em><\/h3>\n\t\t\t<\/div>\n\t\t<\/div>\n\t<\/div>\n\t\n\t<div class=\"box has-hover   has-hover box-text-bottom\" >\n\n\t\t<div class=\"box-image\" >\n\t\t\t\t\t\t<div class=\"\" >\n\t\t\t\t<img loading=\"lazy\" decoding=\"async\" width=\"1000\" height=\"757\" src=\"https:\/\/thibidiks.com\/wp-content\/uploads\/2020\/04\/smt-xjs.png\" class=\"attachment-original size-original\" alt=\"\" srcset=\"https:\/\/thibidiks.com\/wp-content\/uploads\/2020\/04\/smt-xjs.png 1000w, https:\/\/thibidiks.com\/wp-content\/uploads\/2020\/04\/smt-xjs-510x386.png 510w, https:\/\/thibidiks.com\/wp-content\/uploads\/2020\/04\/smt-xjs-300x227.png 300w, https:\/\/thibidiks.com\/wp-content\/uploads\/2020\/04\/smt-xjs-768x581.png 768w, https:\/\/thibidiks.com\/wp-content\/uploads\/2020\/04\/smt-xjs-24x18.png 24w, https:\/\/thibidiks.com\/wp-content\/uploads\/2020\/04\/smt-xjs-36x27.png 36w, https:\/\/thibidiks.com\/wp-content\/uploads\/2020\/04\/smt-xjs-48x36.png 48w\" sizes=\"(max-width: 1000px) 100vw, 1000px\" \/>\t\t\t\t\t\t\t\t\t\t\t<\/div>\n\t\t\t\t\t<\/div>\n\n\t\t<div class=\"box-text text-center\" >\n\t\t\t<div class=\"box-text-inner\">\n\t\t\t\t\n<h3><em>Workers working in a workshop<br \/>\n<\/em><\/h3>\n\t\t\t<\/div>\n\t\t<\/div>\n\t<\/div>\n\t\n\t<div class=\"box has-hover   has-hover box-text-bottom\" >\n\n\t\t<div class=\"box-image\" >\n\t\t\t\t\t\t<div class=\"\" >\n\t\t\t\t<img loading=\"lazy\" decoding=\"async\" width=\"1000\" height=\"750\" src=\"https:\/\/thibidiks.com\/wp-content\/uploads\/2020\/04\/workers-working-the-smt-workshop.png\" class=\"attachment-original size-original\" alt=\"\" srcset=\"https:\/\/thibidiks.com\/wp-content\/uploads\/2020\/04\/workers-working-the-smt-workshop.png 1000w, https:\/\/thibidiks.com\/wp-content\/uploads\/2020\/04\/workers-working-the-smt-workshop-510x383.png 510w, https:\/\/thibidiks.com\/wp-content\/uploads\/2020\/04\/workers-working-the-smt-workshop-300x225.png 300w, https:\/\/thibidiks.com\/wp-content\/uploads\/2020\/04\/workers-working-the-smt-workshop-768x576.png 768w, https:\/\/thibidiks.com\/wp-content\/uploads\/2020\/04\/workers-working-the-smt-workshop-24x18.png 24w, https:\/\/thibidiks.com\/wp-content\/uploads\/2020\/04\/workers-working-the-smt-workshop-36x27.png 36w, https:\/\/thibidiks.com\/wp-content\/uploads\/2020\/04\/workers-working-the-smt-workshop-48x36.png 48w\" sizes=\"(max-width: 1000px) 100vw, 1000px\" \/>\t\t\t\t\t\t\t\t\t\t\t<\/div>\n\t\t\t\t\t<\/div>\n\n\t\t<div class=\"box-text text-center\" >\n\t\t\t<div class=\"box-text-inner\">\n\t\t\t\t\n<h3><em>Workers working in a workshop<br \/>\n<\/em><\/h3>\n\t\t\t<\/div>\n\t\t<\/div>\n\t<\/div>\n\t\n","protected":false},"excerpt":{"rendered":"<p>\u00a0SMT workshop is a division which is specialized in assembling electronic mainboards and sticking LED chips to provide the parts for the assembly workshop. \u00a0With modern machines and equipment, our team of experienced and professional technicians is always creative, proactive in designing mainboards, mounting electronic components and LED chips to meet different technical requirements of [&#8230;]\n","protected":false},"author":1,"featured_media":0,"parent":656,"menu_order":0,"comment_status":"closed","ping_status":"closed","template":"page-right-sidebar.php","meta":{"footnotes":""},"yoast_head":"<!-- This site is optimized with the Yoast SEO plugin v22.1 - https:\/\/yoast.com\/wordpress\/plugins\/seo\/ -->\n<title>SMT workshop - THI\u1ebeT B\u1eca \u0110I\u1ec6N KIM SANG<\/title>\n<meta name=\"description\" content=\"THI\u1ebeT B\u1eca \u0110I\u1ec6N KIM SANG SMT workshop\" \/>\n<meta name=\"robots\" content=\"index, follow, max-snippet:-1, max-image-preview:large, max-video-preview:-1\" \/>\n<link rel=\"canonical\" href=\"https:\/\/thibidiks.com\/gioi-thieu\/xuong-lap-rap-bo-mach-dien-tu\/\" \/>\n<meta property=\"og:locale\" content=\"en_US\" \/>\n<meta property=\"og:type\" content=\"article\" \/>\n<meta property=\"og:title\" content=\"SMT workshop - THI\u1ebeT B\u1eca \u0110I\u1ec6N KIM SANG\" \/>\n<meta property=\"og:description\" content=\"THI\u1ebeT B\u1eca \u0110I\u1ec6N KIM SANG SMT workshop\" \/>\n<meta property=\"og:url\" content=\"https:\/\/thibidiks.com\/gioi-thieu\/xuong-lap-rap-bo-mach-dien-tu\/\" \/>\n<meta property=\"og:site_name\" content=\"THI\u1ebeT B\u1eca \u0110I\u1ec6N KIM SANG\" \/>\n<meta property=\"article:publisher\" content=\"https:\/\/www.facebook.com\/cong.ty.sx.Kim.Sang\" \/>\n<meta property=\"article:modified_time\" content=\"2020-04-01T07:07:07+00:00\" \/>\n<meta name=\"twitter:card\" content=\"summary_large_image\" \/>\n<meta name=\"twitter:site\" content=\"@CngTyTNHHSXTMT1\" \/>\n<meta name=\"twitter:label1\" content=\"Est. reading time\" \/>\n\t<meta name=\"twitter:data1\" content=\"1 minute\" \/>\n<script type=\"application\/ld+json\" class=\"yoast-schema-graph\">{\"@context\":\"https:\/\/schema.org\",\"@graph\":[{\"@type\":\"WebPage\",\"@id\":\"https:\/\/thibidiks.com\/gioi-thieu\/xuong-lap-rap-bo-mach-dien-tu\/\",\"url\":\"https:\/\/thibidiks.com\/gioi-thieu\/xuong-lap-rap-bo-mach-dien-tu\/\",\"name\":\"SMT workshop - THI\u1ebeT B\u1eca \u0110I\u1ec6N KIM SANG\",\"isPartOf\":{\"@id\":\"https:\/\/thibidiks.com\/#website\"},\"datePublished\":\"2020-03-05T02:34:23+00:00\",\"dateModified\":\"2020-04-01T07:07:07+00:00\",\"description\":\"THI\u1ebeT B\u1eca \u0110I\u1ec6N KIM SANG SMT workshop\",\"breadcrumb\":{\"@id\":\"https:\/\/thibidiks.com\/gioi-thieu\/xuong-lap-rap-bo-mach-dien-tu\/#breadcrumb\"},\"inLanguage\":\"en-US\",\"potentialAction\":[{\"@type\":\"ReadAction\",\"target\":[\"https:\/\/thibidiks.com\/gioi-thieu\/xuong-lap-rap-bo-mach-dien-tu\/\"]}]},{\"@type\":\"BreadcrumbList\",\"@id\":\"https:\/\/thibidiks.com\/gioi-thieu\/xuong-lap-rap-bo-mach-dien-tu\/#breadcrumb\",\"itemListElement\":[{\"@type\":\"ListItem\",\"position\":1,\"name\":\"Trang ch\u1ee7\",\"item\":\"https:\/\/thibidiks.com\/en\/\"},{\"@type\":\"ListItem\",\"position\":2,\"name\":\"About us\",\"item\":\"https:\/\/thibidiks.com\/en\/about-us\/\"},{\"@type\":\"ListItem\",\"position\":3,\"name\":\"SMT workshop\"}]},{\"@type\":\"WebSite\",\"@id\":\"https:\/\/thibidiks.com\/#website\",\"url\":\"https:\/\/thibidiks.com\/\",\"name\":\"THI\u1ebeT B\u1eca \u0110I\u1ec6N KIM SANG\",\"description\":\"\",\"publisher\":{\"@id\":\"https:\/\/thibidiks.com\/#organization\"},\"potentialAction\":[{\"@type\":\"SearchAction\",\"target\":{\"@type\":\"EntryPoint\",\"urlTemplate\":\"https:\/\/thibidiks.com\/?s={search_term_string}\"},\"query-input\":\"required name=search_term_string\"}],\"inLanguage\":\"en-US\"},{\"@type\":\"Organization\",\"@id\":\"https:\/\/thibidiks.com\/#organization\",\"name\":\"C\u00d4NG TY TNHH SX - TM THI\u1ebeT B\u1eca \u0110I\u1ec6N KIM SANG\",\"url\":\"https:\/\/thibidiks.com\/\",\"logo\":{\"@type\":\"ImageObject\",\"inLanguage\":\"en-US\",\"@id\":\"https:\/\/thibidiks.com\/#\/schema\/logo\/image\/\",\"url\":\"https:\/\/thibidiks.com\/wp-content\/uploads\/2020\/04\/logo-kimsang.png\",\"contentUrl\":\"https:\/\/thibidiks.com\/wp-content\/uploads\/2020\/04\/logo-kimsang.png\",\"width\":278,\"height\":300,\"caption\":\"C\u00d4NG TY TNHH SX - TM THI\u1ebeT B\u1eca \u0110I\u1ec6N KIM SANG\"},\"image\":{\"@id\":\"https:\/\/thibidiks.com\/#\/schema\/logo\/image\/\"},\"sameAs\":[\"https:\/\/www.facebook.com\/cong.ty.sx.Kim.Sang\",\"https:\/\/twitter.com\/CngTyTNHHSXTMT1\"]}]}<\/script>\n<!-- \/ Yoast SEO plugin. -->","yoast_head_json":{"title":"SMT workshop - THI\u1ebeT B\u1eca \u0110I\u1ec6N KIM SANG","description":"THI\u1ebeT B\u1eca \u0110I\u1ec6N KIM SANG SMT workshop","robots":{"index":"index","follow":"follow","max-snippet":"max-snippet:-1","max-image-preview":"max-image-preview:large","max-video-preview":"max-video-preview:-1"},"canonical":"https:\/\/thibidiks.com\/gioi-thieu\/xuong-lap-rap-bo-mach-dien-tu\/","og_locale":"en_US","og_type":"article","og_title":"SMT workshop - THI\u1ebeT B\u1eca \u0110I\u1ec6N KIM SANG","og_description":"THI\u1ebeT B\u1eca \u0110I\u1ec6N KIM SANG SMT workshop","og_url":"https:\/\/thibidiks.com\/gioi-thieu\/xuong-lap-rap-bo-mach-dien-tu\/","og_site_name":"THI\u1ebeT B\u1eca \u0110I\u1ec6N KIM SANG","article_publisher":"https:\/\/www.facebook.com\/cong.ty.sx.Kim.Sang","article_modified_time":"2020-04-01T07:07:07+00:00","twitter_card":"summary_large_image","twitter_site":"@CngTyTNHHSXTMT1","twitter_misc":{"Est. reading time":"1 minute"},"schema":{"@context":"https:\/\/schema.org","@graph":[{"@type":"WebPage","@id":"https:\/\/thibidiks.com\/gioi-thieu\/xuong-lap-rap-bo-mach-dien-tu\/","url":"https:\/\/thibidiks.com\/gioi-thieu\/xuong-lap-rap-bo-mach-dien-tu\/","name":"SMT workshop - THI\u1ebeT B\u1eca \u0110I\u1ec6N KIM SANG","isPartOf":{"@id":"https:\/\/thibidiks.com\/#website"},"datePublished":"2020-03-05T02:34:23+00:00","dateModified":"2020-04-01T07:07:07+00:00","description":"THI\u1ebeT B\u1eca \u0110I\u1ec6N KIM SANG SMT workshop","breadcrumb":{"@id":"https:\/\/thibidiks.com\/gioi-thieu\/xuong-lap-rap-bo-mach-dien-tu\/#breadcrumb"},"inLanguage":"en-US","potentialAction":[{"@type":"ReadAction","target":["https:\/\/thibidiks.com\/gioi-thieu\/xuong-lap-rap-bo-mach-dien-tu\/"]}]},{"@type":"BreadcrumbList","@id":"https:\/\/thibidiks.com\/gioi-thieu\/xuong-lap-rap-bo-mach-dien-tu\/#breadcrumb","itemListElement":[{"@type":"ListItem","position":1,"name":"Trang ch\u1ee7","item":"https:\/\/thibidiks.com\/en\/"},{"@type":"ListItem","position":2,"name":"About us","item":"https:\/\/thibidiks.com\/en\/about-us\/"},{"@type":"ListItem","position":3,"name":"SMT workshop"}]},{"@type":"WebSite","@id":"https:\/\/thibidiks.com\/#website","url":"https:\/\/thibidiks.com\/","name":"THI\u1ebeT B\u1eca \u0110I\u1ec6N KIM SANG","description":"","publisher":{"@id":"https:\/\/thibidiks.com\/#organization"},"potentialAction":[{"@type":"SearchAction","target":{"@type":"EntryPoint","urlTemplate":"https:\/\/thibidiks.com\/?s={search_term_string}"},"query-input":"required name=search_term_string"}],"inLanguage":"en-US"},{"@type":"Organization","@id":"https:\/\/thibidiks.com\/#organization","name":"C\u00d4NG TY TNHH SX - TM THI\u1ebeT B\u1eca \u0110I\u1ec6N KIM SANG","url":"https:\/\/thibidiks.com\/","logo":{"@type":"ImageObject","inLanguage":"en-US","@id":"https:\/\/thibidiks.com\/#\/schema\/logo\/image\/","url":"https:\/\/thibidiks.com\/wp-content\/uploads\/2020\/04\/logo-kimsang.png","contentUrl":"https:\/\/thibidiks.com\/wp-content\/uploads\/2020\/04\/logo-kimsang.png","width":278,"height":300,"caption":"C\u00d4NG TY TNHH SX - TM THI\u1ebeT B\u1eca \u0110I\u1ec6N KIM SANG"},"image":{"@id":"https:\/\/thibidiks.com\/#\/schema\/logo\/image\/"},"sameAs":["https:\/\/www.facebook.com\/cong.ty.sx.Kim.Sang","https:\/\/twitter.com\/CngTyTNHHSXTMT1"]}]}},"amp_enabled":false,"_links":{"self":[{"href":"https:\/\/thibidiks.com\/en\/wp-json\/wp\/v2\/pages\/2569"}],"collection":[{"href":"https:\/\/thibidiks.com\/en\/wp-json\/wp\/v2\/pages"}],"about":[{"href":"https:\/\/thibidiks.com\/en\/wp-json\/wp\/v2\/types\/page"}],"author":[{"embeddable":true,"href":"https:\/\/thibidiks.com\/en\/wp-json\/wp\/v2\/users\/1"}],"replies":[{"embeddable":true,"href":"https:\/\/thibidiks.com\/en\/wp-json\/wp\/v2\/comments?post=2569"}],"version-history":[{"count":17,"href":"https:\/\/thibidiks.com\/en\/wp-json\/wp\/v2\/pages\/2569\/revisions"}],"predecessor-version":[{"id":3241,"href":"https:\/\/thibidiks.com\/en\/wp-json\/wp\/v2\/pages\/2569\/revisions\/3241"}],"up":[{"embeddable":true,"href":"https:\/\/thibidiks.com\/en\/wp-json\/wp\/v2\/pages\/656"}],"wp:attachment":[{"href":"https:\/\/thibidiks.com\/en\/wp-json\/wp\/v2\/media?parent=2569"}],"curies":[{"name":"wp","href":"https:\/\/api.w.org\/{rel}","templated":true}]}}