{"id":2477,"date":"2020-03-04T17:10:25","date_gmt":"2020-03-04T10:10:25","guid":{"rendered":"https:\/\/thietbidienkimsang.tk\/?post_type=product&#038;p=2477&#038;lang=en"},"modified":"2024-04-12T16:09:55","modified_gmt":"2024-04-12T09:09:55","slug":"led-buld-lights-5w","status":"publish","type":"product","link":"https:\/\/thibidiks.com\/en\/san-pham\/led-buld-lights-5w\/","title":{"rendered":"LED Bulb lights 5W"},"content":{"rendered":"<table border=\"0\" cellspacing=\"0\" cellpadding=\"0\">\n<tbody>\n<tr>\n<td class=\"xl72\" width=\"185\" height=\"53\">NAME\/ DESCRIPTION<\/td>\n<td class=\"xl65\" width=\"194\">LED BULB <strong>5<span class=\"font6\">W<\/span><\/strong><span class=\"font5\">, PC plastic + Aluminum\u00a0<\/span><\/td>\n<\/tr>\n<tr>\n<td class=\"xl72\" width=\"185\" height=\"42\">MEAS. (mm)<\/td>\n<td class=\"xl66\" width=\"194\">D53 x H102\u00b12mm<\/td>\n<\/tr>\n<tr>\n<td class=\"xl72\" width=\"185\" height=\"29\">COLOR TEMP. (K)<\/td>\n<td class=\"xl68\">6000 &#8211; 6500<\/td>\n<\/tr>\n<tr>\n<td class=\"xl72\" width=\"185\" height=\"36\">POWER FACTOR (PF)<\/td>\n<td class=\"xl66\" width=\"194\">\u00a0\u22650.50<\/td>\n<\/tr>\n<tr>\n<td class=\"xl72\" width=\"185\" height=\"20\">VOLTAGE RANGE<\/td>\n<td class=\"xl66\" width=\"194\">85-265V<\/td>\n<\/tr>\n<tr>\n<td class=\"xl72\" width=\"185\" height=\"20\">CHIP LED QTY<\/td>\n<td class=\"xl69\" width=\"194\">6<\/td>\n<\/tr>\n<tr>\n<td class=\"xl67\" width=\"185\" height=\"29\">\u00a0CHIP LED TYPE<\/td>\n<td class=\"xl71\">2835-1W-6V-150mA &#8211; SEOUL<\/td>\n<\/tr>\n<tr>\n<td class=\"xl72\" width=\"185\" height=\"20\">LUMINOUS FLUX (Lm)<\/td>\n<td class=\"xl68\">\u2265385<\/td>\n<\/tr>\n<tr>\n<td class=\"xl67\" width=\"185\" height=\"20\">LUMINOUS EFFICIENCY (Lm\/W)<\/td>\n<td class=\"xl66\" width=\"194\">\u226584<\/td>\n<\/tr>\n<tr>\n<td class=\"xl72\" width=\"185\" height=\"30\">COLOR RENDERING INDEX (Ra)<\/td>\n<td class=\"xl66\" width=\"194\">\u226580<\/td>\n<\/tr>\n<tr>\n<td class=\"xl72\" width=\"185\" height=\"20\">WEIGHT (g)<\/td>\n<td class=\"xl68\">29\u00b13g<\/td>\n<\/tr>\n<tr>\n<td class=\"xl67\" width=\"185\" height=\"20\">LIFESPAN (HOUR)<\/td>\n<td class=\"xl70\">30,000<\/td>\n<\/tr>\n<tr>\n<td class=\"xl67\" width=\"185\" height=\"20\">WARRANTY (MONTH)<\/td>\n<td class=\"xl68\">24<\/td>\n<\/tr>\n<tr>\n<td class=\"xl67\" width=\"185\" height=\"20\">PACKING<\/td>\n<td class=\"xl66\" width=\"194\">50 PCS\/ CTN<\/td>\n<\/tr>\n<\/tbody>\n<\/table>\n","protected":false},"excerpt":{"rendered":"<p><span style=\"font-size: 120%;\"><a href=\"https:\/\/thibidiks.com\/gia-cong-den-led-tai-viet-nam\/\">Gia c\u00f4ng s\u1ea3n xu\u1ea5t<\/a>\u00a0theo ti\u00eau chu\u1ea9n kh\u00e1ch h\u00e0ng B\u00d3NG BULB 5<strong><span class=\"font6\">W<\/span><\/strong>\u00a0s\u1eed d\u1ee5ng chip led SEOUL c\u1ee7a H\u00e0n Qu\u1ed1c, g\u1ecdn nh\u1eb9, b\u1eaft m\u1eaft, sang tr\u1ecdng, th\u00e2n thi\u1ec7n v\u1edbi m\u00f4i tr\u01b0\u1eddng. S\u1ea3n ph\u1ea9m c\u00f3 \u0111\u1ed9 b\u1ec1n cao, nhi\u1ec1u m\u00e0u s\u1eafc \u0111\u1ec3 kh\u00e1ch h\u00e0ng l\u1ef1a ch\u1ecdn s\u1ea3n xu\u1ea5t.<\/span><\/p>\n<p><span style=\"font-size: 120%;\">B\u00d3NG BULB 5<strong><span class=\"font6\">W<\/span><\/strong>\u00a0\u0111\u01b0\u1ee3c thi\u1ebft k\u1ebf, s\u1ea3n xu\u1ea5t ho\u00e0n to\u00e0n t\u1ea1i Vi\u1ec7t Nam b\u1edfi\u00a0Kim Sang.<\/span><\/p>\n","protected":false},"featured_media":4625,"template":"","meta":[],"product_cat":[200],"product_tag":[],"yoast_head":"<!-- This site is optimized with the Yoast SEO plugin v22.1 - https:\/\/yoast.com\/wordpress\/plugins\/seo\/ -->\n<title>LED Bulb lights 5W - THI\u1ebeT B\u1eca \u0110I\u1ec6N KIM SANG<\/title>\n<meta name=\"description\" content=\"THI\u1ebeT B\u1eca \u0110I\u1ec6N KIM SANG LED Bulb lights 5W -\" \/>\n<meta name=\"robots\" content=\"index, follow, max-snippet:-1, max-image-preview:large, max-video-preview:-1\" \/>\n<link rel=\"canonical\" href=\"https:\/\/thibidiks.com\/en\/san-pham\/led-buld-lights-5w\/\" \/>\n<meta property=\"og:locale\" content=\"en_US\" \/>\n<meta property=\"og:type\" content=\"article\" \/>\n<meta property=\"og:title\" content=\"LED Bulb lights 5W - THI\u1ebeT B\u1eca \u0110I\u1ec6N KIM SANG\" \/>\n<meta property=\"og:description\" content=\"THI\u1ebeT B\u1eca \u0110I\u1ec6N KIM SANG LED Bulb lights 5W -\" \/>\n<meta property=\"og:url\" content=\"https:\/\/thibidiks.com\/en\/san-pham\/led-buld-lights-5w\/\" \/>\n<meta property=\"og:site_name\" content=\"THI\u1ebeT B\u1eca \u0110I\u1ec6N KIM SANG\" \/>\n<meta property=\"article:publisher\" content=\"https:\/\/www.facebook.com\/cong.ty.sx.Kim.Sang\" \/>\n<meta property=\"article:modified_time\" content=\"2024-04-12T09:09:55+00:00\" \/>\n<meta property=\"og:image\" content=\"https:\/\/thibidiks.com\/wp-content\/uploads\/2020\/02\/wepik-export-20240306063202mN8z.jpeg\" \/>\n\t<meta property=\"og:image:width\" content=\"1667\" \/>\n\t<meta property=\"og:image:height\" content=\"1585\" \/>\n\t<meta property=\"og:image:type\" content=\"image\/jpeg\" \/>\n<meta name=\"twitter:card\" content=\"summary_large_image\" \/>\n<meta name=\"twitter:site\" content=\"@CngTyTNHHSXTMT1\" \/>\n<meta name=\"twitter:label1\" content=\"Est. reading time\" \/>\n\t<meta name=\"twitter:data1\" content=\"1 minute\" \/>\n<script type=\"application\/ld+json\" class=\"yoast-schema-graph\">{\"@context\":\"https:\/\/schema.org\",\"@graph\":[{\"@type\":\"WebPage\",\"@id\":\"https:\/\/thibidiks.com\/en\/san-pham\/led-buld-lights-5w\/\",\"url\":\"https:\/\/thibidiks.com\/en\/san-pham\/led-buld-lights-5w\/\",\"name\":\"LED Bulb lights 5W - THI\u1ebeT B\u1eca \u0110I\u1ec6N KIM SANG\",\"isPartOf\":{\"@id\":\"https:\/\/thibidiks.com\/#website\"},\"datePublished\":\"2020-03-04T10:10:25+00:00\",\"dateModified\":\"2024-04-12T09:09:55+00:00\",\"description\":\"THI\u1ebeT B\u1eca \u0110I\u1ec6N KIM SANG LED Bulb lights 5W -\",\"breadcrumb\":{\"@id\":\"https:\/\/thibidiks.com\/en\/san-pham\/led-buld-lights-5w\/#breadcrumb\"},\"inLanguage\":\"en-US\",\"potentialAction\":[{\"@type\":\"ReadAction\",\"target\":[\"https:\/\/thibidiks.com\/en\/san-pham\/led-buld-lights-5w\/\"]}]},{\"@type\":\"BreadcrumbList\",\"@id\":\"https:\/\/thibidiks.com\/en\/san-pham\/led-buld-lights-5w\/#breadcrumb\",\"itemListElement\":[{\"@type\":\"ListItem\",\"position\":1,\"name\":\"Trang ch\u1ee7\",\"item\":\"https:\/\/thibidiks.com\/en\/\"},{\"@type\":\"ListItem\",\"position\":2,\"name\":\"Products\",\"item\":\"https:\/\/thibidiks.com\/products\/\"},{\"@type\":\"ListItem\",\"position\":3,\"name\":\"LED Bulb lights 5W\"}]},{\"@type\":\"WebSite\",\"@id\":\"https:\/\/thibidiks.com\/#website\",\"url\":\"https:\/\/thibidiks.com\/\",\"name\":\"THI\u1ebeT B\u1eca \u0110I\u1ec6N KIM SANG\",\"description\":\"\",\"publisher\":{\"@id\":\"https:\/\/thibidiks.com\/#organization\"},\"potentialAction\":[{\"@type\":\"SearchAction\",\"target\":{\"@type\":\"EntryPoint\",\"urlTemplate\":\"https:\/\/thibidiks.com\/?s={search_term_string}\"},\"query-input\":\"required name=search_term_string\"}],\"inLanguage\":\"en-US\"},{\"@type\":\"Organization\",\"@id\":\"https:\/\/thibidiks.com\/#organization\",\"name\":\"C\u00d4NG TY TNHH SX - TM THI\u1ebeT B\u1eca \u0110I\u1ec6N KIM SANG\",\"url\":\"https:\/\/thibidiks.com\/\",\"logo\":{\"@type\":\"ImageObject\",\"inLanguage\":\"en-US\",\"@id\":\"https:\/\/thibidiks.com\/#\/schema\/logo\/image\/\",\"url\":\"https:\/\/thibidiks.com\/wp-content\/uploads\/2020\/04\/logo-kimsang.png\",\"contentUrl\":\"https:\/\/thibidiks.com\/wp-content\/uploads\/2020\/04\/logo-kimsang.png\",\"width\":278,\"height\":300,\"caption\":\"C\u00d4NG TY TNHH SX - TM THI\u1ebeT B\u1eca \u0110I\u1ec6N KIM SANG\"},\"image\":{\"@id\":\"https:\/\/thibidiks.com\/#\/schema\/logo\/image\/\"},\"sameAs\":[\"https:\/\/www.facebook.com\/cong.ty.sx.Kim.Sang\",\"https:\/\/twitter.com\/CngTyTNHHSXTMT1\"]}]}<\/script>\n<!-- \/ Yoast SEO plugin. -->","yoast_head_json":{"title":"LED Bulb lights 5W - THI\u1ebeT B\u1eca \u0110I\u1ec6N KIM SANG","description":"THI\u1ebeT B\u1eca \u0110I\u1ec6N KIM SANG LED Bulb lights 5W -","robots":{"index":"index","follow":"follow","max-snippet":"max-snippet:-1","max-image-preview":"max-image-preview:large","max-video-preview":"max-video-preview:-1"},"canonical":"https:\/\/thibidiks.com\/en\/san-pham\/led-buld-lights-5w\/","og_locale":"en_US","og_type":"article","og_title":"LED Bulb lights 5W - THI\u1ebeT B\u1eca \u0110I\u1ec6N KIM SANG","og_description":"THI\u1ebeT B\u1eca \u0110I\u1ec6N KIM SANG LED Bulb lights 5W -","og_url":"https:\/\/thibidiks.com\/en\/san-pham\/led-buld-lights-5w\/","og_site_name":"THI\u1ebeT B\u1eca \u0110I\u1ec6N KIM SANG","article_publisher":"https:\/\/www.facebook.com\/cong.ty.sx.Kim.Sang","article_modified_time":"2024-04-12T09:09:55+00:00","og_image":[{"width":1667,"height":1585,"url":"https:\/\/thibidiks.com\/wp-content\/uploads\/2020\/02\/wepik-export-20240306063202mN8z.jpeg","type":"image\/jpeg"}],"twitter_card":"summary_large_image","twitter_site":"@CngTyTNHHSXTMT1","twitter_misc":{"Est. reading time":"1 minute"},"schema":{"@context":"https:\/\/schema.org","@graph":[{"@type":"WebPage","@id":"https:\/\/thibidiks.com\/en\/san-pham\/led-buld-lights-5w\/","url":"https:\/\/thibidiks.com\/en\/san-pham\/led-buld-lights-5w\/","name":"LED Bulb lights 5W - THI\u1ebeT B\u1eca \u0110I\u1ec6N KIM SANG","isPartOf":{"@id":"https:\/\/thibidiks.com\/#website"},"datePublished":"2020-03-04T10:10:25+00:00","dateModified":"2024-04-12T09:09:55+00:00","description":"THI\u1ebeT B\u1eca \u0110I\u1ec6N KIM SANG LED Bulb lights 5W -","breadcrumb":{"@id":"https:\/\/thibidiks.com\/en\/san-pham\/led-buld-lights-5w\/#breadcrumb"},"inLanguage":"en-US","potentialAction":[{"@type":"ReadAction","target":["https:\/\/thibidiks.com\/en\/san-pham\/led-buld-lights-5w\/"]}]},{"@type":"BreadcrumbList","@id":"https:\/\/thibidiks.com\/en\/san-pham\/led-buld-lights-5w\/#breadcrumb","itemListElement":[{"@type":"ListItem","position":1,"name":"Trang ch\u1ee7","item":"https:\/\/thibidiks.com\/en\/"},{"@type":"ListItem","position":2,"name":"Products","item":"https:\/\/thibidiks.com\/products\/"},{"@type":"ListItem","position":3,"name":"LED Bulb lights 5W"}]},{"@type":"WebSite","@id":"https:\/\/thibidiks.com\/#website","url":"https:\/\/thibidiks.com\/","name":"THI\u1ebeT B\u1eca \u0110I\u1ec6N KIM SANG","description":"","publisher":{"@id":"https:\/\/thibidiks.com\/#organization"},"potentialAction":[{"@type":"SearchAction","target":{"@type":"EntryPoint","urlTemplate":"https:\/\/thibidiks.com\/?s={search_term_string}"},"query-input":"required name=search_term_string"}],"inLanguage":"en-US"},{"@type":"Organization","@id":"https:\/\/thibidiks.com\/#organization","name":"C\u00d4NG TY TNHH SX - TM THI\u1ebeT B\u1eca \u0110I\u1ec6N KIM SANG","url":"https:\/\/thibidiks.com\/","logo":{"@type":"ImageObject","inLanguage":"en-US","@id":"https:\/\/thibidiks.com\/#\/schema\/logo\/image\/","url":"https:\/\/thibidiks.com\/wp-content\/uploads\/2020\/04\/logo-kimsang.png","contentUrl":"https:\/\/thibidiks.com\/wp-content\/uploads\/2020\/04\/logo-kimsang.png","width":278,"height":300,"caption":"C\u00d4NG TY TNHH SX - TM THI\u1ebeT B\u1eca \u0110I\u1ec6N KIM SANG"},"image":{"@id":"https:\/\/thibidiks.com\/#\/schema\/logo\/image\/"},"sameAs":["https:\/\/www.facebook.com\/cong.ty.sx.Kim.Sang","https:\/\/twitter.com\/CngTyTNHHSXTMT1"]}]}},"_links":{"self":[{"href":"https:\/\/thibidiks.com\/en\/wp-json\/wp\/v2\/product\/2477"}],"collection":[{"href":"https:\/\/thibidiks.com\/en\/wp-json\/wp\/v2\/product"}],"about":[{"href":"https:\/\/thibidiks.com\/en\/wp-json\/wp\/v2\/types\/product"}],"wp:featuredmedia":[{"embeddable":true,"href":"https:\/\/thibidiks.com\/en\/wp-json\/wp\/v2\/media\/4625"}],"wp:attachment":[{"href":"https:\/\/thibidiks.com\/en\/wp-json\/wp\/v2\/media?parent=2477"}],"wp:term":[{"taxonomy":"product_cat","embeddable":true,"href":"https:\/\/thibidiks.com\/en\/wp-json\/wp\/v2\/product_cat?post=2477"},{"taxonomy":"product_tag","embeddable":true,"href":"https:\/\/thibidiks.com\/en\/wp-json\/wp\/v2\/product_tag?post=2477"}],"curies":[{"name":"wp","href":"https:\/\/api.w.org\/{rel}","templated":true}]}}